{"id":1511,"date":"2020-08-25T14:11:16","date_gmt":"2020-08-25T11:11:16","guid":{"rendered":"https:\/\/mehmetkosan.com\/about\/"},"modified":"2022-12-26T12:14:37","modified_gmt":"2022-12-26T09:14:37","slug":"about","status":"publish","type":"page","link":"https:\/\/mehmetkosan.com\/en\/about\/","title":{"rendered":"About"},"content":{"rendered":"<div class=\"fusion-fullwidth fullwidth-box fusion-builder-row-1 fusion-flex-container has-pattern-background has-mask-background nonhundred-percent-fullwidth non-hundred-percent-height-scrolling\" style=\"--awb-border-radius-top-left:0px;--awb-border-radius-top-right:0px;--awb-border-radius-bottom-right:0px;--awb-border-radius-bottom-left:0px;--awb-padding-top:60px;--awb-background-color:var(--awb-color6);--awb-flex-wrap:wrap;\" ><div class=\"fusion-builder-row fusion-row fusion-flex-align-items-flex-start fusion-flex-content-wrap\" style=\"max-width:1435.2px;margin-left: calc(-4% \/ 2 );margin-right: calc(-4% \/ 2 );\"><div class=\"fusion-layout-column fusion_builder_column fusion-builder-column-0 fusion_builder_column_1_3 1_3 fusion-flex-column\" style=\"--awb-bg-size:cover;--awb-width-large:33.333333333333%;--awb-margin-top-large:0px;--awb-spacing-right-large:5.76%;--awb-margin-bottom-large:20px;--awb-spacing-left-large:5.76%;--awb-width-medium:33.333333333333%;--awb-order-medium:0;--awb-spacing-right-medium:5.76%;--awb-spacing-left-medium:5.76%;--awb-width-small:100%;--awb-order-small:0;--awb-spacing-right-small:1.92%;--awb-spacing-left-small:1.92%;\"><div class=\"fusion-column-wrapper fusion-column-has-shadow fusion-flex-justify-content-flex-start fusion-content-layout-column\"><div class=\"fusion-image-element \" style=\"--awb-aspect-ratio:1 \/ 1;--awb-object-position:20% 38%;--awb-caption-title-font-family:var(--h2_typography-font-family);--awb-caption-title-font-weight:var(--h2_typography-font-weight);--awb-caption-title-font-style:var(--h2_typography-font-style);--awb-caption-title-size:var(--h2_typography-font-size);--awb-caption-title-transform:var(--h2_typography-text-transform);--awb-caption-title-line-height:var(--h2_typography-line-height);--awb-caption-title-letter-spacing:var(--h2_typography-letter-spacing);\"><span class=\" fusion-imageframe imageframe-none imageframe-1 hover-type-none has-aspect-ratio\"><img decoding=\"async\" width=\"300\" height=\"278\" title=\"Hakkinda\" src=\"https:\/\/mehmetkosan.com\/wp-content\/uploads\/2022\/10\/Hakkinda.jpg\" data-orig-src=\"http:\/\/mehmetkosan.com\/wp-content\/uploads\/2022\/10\/Hakkinda-300x278.jpg\" class=\"lazyload img-responsive wp-image-1463 img-with-aspect-ratio\" data-parent-fit=\"cover\" data-parent-container=\".fusion-image-element\" alt srcset=\"data:image\/svg+xml,%3Csvg%20xmlns%3D%27http%3A%2F%2Fwww.w3.org%2F2000%2Fsvg%27%20width%3D%27818%27%20height%3D%27758%27%20viewBox%3D%270%200%20818%20758%27%3E%3Crect%20width%3D%27818%27%20height%3D%27758%27%20fill-opacity%3D%220%22%2F%3E%3C%2Fsvg%3E\" data-srcset=\"https:\/\/mehmetkosan.com\/wp-content\/uploads\/2022\/10\/Hakkinda-200x185.jpg 200w, https:\/\/mehmetkosan.com\/wp-content\/uploads\/2022\/10\/Hakkinda-400x371.jpg 400w, https:\/\/mehmetkosan.com\/wp-content\/uploads\/2022\/10\/Hakkinda-600x556.jpg 600w, https:\/\/mehmetkosan.com\/wp-content\/uploads\/2022\/10\/Hakkinda-800x741.jpg 800w, https:\/\/mehmetkosan.com\/wp-content\/uploads\/2022\/10\/Hakkinda.jpg 818w\" data-sizes=\"auto\" data-orig-sizes=\"(max-width: 740px) 100vw, 600px\" \/><\/span><\/div><\/div><\/div><div class=\"fusion-layout-column fusion_builder_column fusion-builder-column-1 fusion_builder_column_2_3 2_3 fusion-flex-column\" style=\"--awb-bg-size:cover;--awb-width-large:66.666666666667%;--awb-margin-top-large:0px;--awb-spacing-right-large:2.88%;--awb-margin-bottom-large:20px;--awb-spacing-left-large:2.88%;--awb-width-medium:66.666666666667%;--awb-order-medium:0;--awb-spacing-right-medium:2.88%;--awb-spacing-left-medium:2.88%;--awb-width-small:100%;--awb-order-small:0;--awb-spacing-right-small:1.92%;--awb-spacing-left-small:1.92%;\"><div class=\"fusion-column-wrapper fusion-column-has-shadow fusion-flex-justify-content-flex-start fusion-content-layout-column\"><div class=\"fusion-title title fusion-title-1 fusion-sep-none fusion-title-text fusion-title-size-two\" style=\"--awb-text-color:var(--awb-color4);--awb-font-size:36px;\"><h2 class=\"fusion-title-heading title-heading-left fusion-responsive-typography-calculated\" style=\"margin:0;font-size:1em;--fontSize:36;line-height:var(--awb-typography1-line-height);\">Mehmet Ko\u015fan<\/h2><\/div><div class=\"fusion-title title fusion-title-2 fusion-sep-none fusion-title-text fusion-title-size-two\" style=\"--awb-text-color:var(--awb-color4);--awb-margin-top:-10px;--awb-font-size:22px;\"><h2 class=\"fusion-title-heading title-heading-left fusion-responsive-typography-calculated\" style=\"margin:0;font-size:1em;--fontSize:22;--minFontSize:22;line-height:var(--awb-typography1-line-height);\">Broker \u2013 Architect\u2013 Olive oil Sommelier<\/h2><\/div><div class=\"fusion-title title fusion-title-3 fusion-sep-none fusion-title-text fusion-title-size-div\" style=\"--awb-text-color:var(--awb-color2);--awb-font-size:18px;\"><div class=\"fusion-title-heading title-heading-left title-heading-tag fusion-responsive-typography-calculated\" style=\"margin:0;font-size:1em;--fontSize:18;--minFontSize:18;line-height:var(--awb-typography4-line-height);\">Mehmet Ko\u015fan has presented feasible projects to investors in the Kazda\u011flar\u0131 (Kaz mountains) Edremit region for 7 years and has presented easy and sustainable ways to investors for the difficulties experienced in migration from the city to the village. He was born in Gebze, Kocaeli. After receiving a Bachelor of Architecture degree in 2011, he studied at the San Francisco Academy of Art University for a Master\u2019s Degree. After returning to Turkey, he spent his first internship period at the Saint Regis Ni\u015fanta\u015f\u0131 Hotel, in which Demsa (Sabanci) Group invested and the construction process was completed by Emre Arolat Architecture company. In 2015, he visited many different regions including Hatay, Ayd\u0131n, Antalya, and Kaz mountains Edremit. During his years abroad, his interest in olives and olive oil led him to conscious consumption and seek the best. The old and fertile olive fields in the Kaz mountains Havran region led Mehmet to make his first olive grove investment. In addition to the olive grove investment, he also made small-budget plot investments. For the first time in the Kaz mountains region, he designed and constructed an eco-friendly steel house project. He continues to sell private and commercial properties in the region. Since he grew up in a region full of industrialists in the Gebze region, he frequently visits industrial zones. He helps customers who want to buy a warehouse, factory, or commercial land. He has a U.S. licensed ACP (Accredited Commercial Professional) certificate.<\/div><\/div><\/div><\/div><\/div><\/div>\n","protected":false},"excerpt":{"rendered":"","protected":false},"author":1,"featured_media":0,"parent":0,"menu_order":0,"comment_status":"closed","ping_status":"closed","template":"100-width.php","meta":{"passster_activate_protection":false,"passster_protect_child_pages":"","passster_protection_type":"password","passster_password":"","passster_activate_overwrite_defaults":"","passster_headline":"","passster_instruction":"","passster_placeholder":"","passster_button":"","passster_id":"","passster_activate_misc_settings":"","passster_redirect_url":"","passster_hide":"no","passster_area_shortcode":"","footnotes":""},"class_list":["post-1511","page","type-page","status-publish","hentry"],"_links":{"self":[{"href":"https:\/\/mehmetkosan.com\/en\/wp-json\/wp\/v2\/pages\/1511","targetHints":{"allow":["GET"]}}],"collection":[{"href":"https:\/\/mehmetkosan.com\/en\/wp-json\/wp\/v2\/pages"}],"about":[{"href":"https:\/\/mehmetkosan.com\/en\/wp-json\/wp\/v2\/types\/page"}],"author":[{"embeddable":true,"href":"https:\/\/mehmetkosan.com\/en\/wp-json\/wp\/v2\/users\/1"}],"replies":[{"embeddable":true,"href":"https:\/\/mehmetkosan.com\/en\/wp-json\/wp\/v2\/comments?post=1511"}],"version-history":[{"count":1,"href":"https:\/\/mehmetkosan.com\/en\/wp-json\/wp\/v2\/pages\/1511\/revisions"}],"predecessor-version":[{"id":1512,"href":"https:\/\/mehmetkosan.com\/en\/wp-json\/wp\/v2\/pages\/1511\/revisions\/1512"}],"wp:attachment":[{"href":"https:\/\/mehmetkosan.com\/en\/wp-json\/wp\/v2\/media?parent=1511"}],"curies":[{"name":"wp","href":"https:\/\/api.w.org\/{rel}","templated":true}]}}